{"id":181,"date":"2016-02-11T08:00:12","date_gmt":"2016-02-11T06:00:12","guid":{"rendered":"http:\/\/nagengast-online.de\/?page_id=181"},"modified":"2021-03-27T08:56:52","modified_gmt":"2021-03-27T06:56:52","slug":"abrissarbeiten","status":"publish","type":"page","link":"https:\/\/nagengast-online.de\/?page_id=181","title":{"rendered":"Abrissarbeiten"},"content":{"rendered":"\n<p>Mit unserem Fahrzeugpark sind wir ein verl\u00e4sslicher Partner f\u00fcr Ihre Abrissarbeiten.<\/p>\n\n\n\n<p>Das entsprechende&nbsp;Fachpersonal mit erforderlichen Sachkundenachweisen ist bei uns besch\u00e4ftigt.<\/p>\n\n\n\n<div class=\"wp-block-image\"><figure class=\"alignleft\"><img loading=\"lazy\" width=\"300\" height=\"200\" src=\"http:\/\/nagengast-online.de\/wp-content\/uploads\/2018\/05\/impaktor_250_01-1024x683-300x200.jpg\" alt=\"\" class=\"wp-image-191\" srcset=\"https:\/\/nagengast-online.de\/wp-content\/uploads\/2018\/05\/impaktor_250_01-1024x683-300x200.jpg 300w, https:\/\/nagengast-online.de\/wp-content\/uploads\/2018\/05\/impaktor_250_01-1024x683-768x512.jpg 768w, https:\/\/nagengast-online.de\/wp-content\/uploads\/2018\/05\/impaktor_250_01-1024x683.jpg 1024w\" sizes=\"(max-width: 300px) 100vw, 300px\" \/><\/figure><\/div>\n\n\n\n<div class=\"wp-block-group\"><div class=\"wp-block-group__inner-container\">\n<figure class=\"wp-block-image size-thumbnail is-style-default\"><a href=\"http:\/\/nagengast-online.de\/wp-content\/uploads\/2021\/03\/IMG_1271-e1616821344956.png\"><img loading=\"lazy\" width=\"150\" height=\"150\" src=\"http:\/\/nagengast-online.de\/wp-content\/uploads\/2021\/03\/IMG_1271-e1616821344956-150x150.png\" alt=\"\" class=\"wp-image-204\" srcset=\"https:\/\/nagengast-online.de\/wp-content\/uploads\/2021\/03\/IMG_1271-e1616821344956-150x150.png 150w, https:\/\/nagengast-online.de\/wp-content\/uploads\/2021\/03\/IMG_1271-e1616821344956-300x300.png 300w, https:\/\/nagengast-online.de\/wp-content\/uploads\/2021\/03\/IMG_1271-e1616821344956-768x764.png 768w, https:\/\/nagengast-online.de\/wp-content\/uploads\/2021\/03\/IMG_1271-e1616821344956.png 828w\" sizes=\"(max-width: 150px) 100vw, 150px\" \/><\/a><\/figure>\n\n\n\n<div class=\"wp-block-image\"><figure class=\"alignleft size-large is-resized\"><a href=\"http:\/\/nagengast-online.de\/wp-content\/uploads\/2021\/03\/160_wsr_01-scaled.jpg\"><img loading=\"lazy\" src=\"http:\/\/nagengast-online.de\/wp-content\/uploads\/2021\/03\/160_wsr_01-1024x683.jpg\" alt=\"\" class=\"wp-image-236\" width=\"256\" height=\"171\" srcset=\"https:\/\/nagengast-online.de\/wp-content\/uploads\/2021\/03\/160_wsr_01-1024x683.jpg 1024w, https:\/\/nagengast-online.de\/wp-content\/uploads\/2021\/03\/160_wsr_01-300x200.jpg 300w, https:\/\/nagengast-online.de\/wp-content\/uploads\/2021\/03\/160_wsr_01-768x512.jpg 768w, https:\/\/nagengast-online.de\/wp-content\/uploads\/2021\/03\/160_wsr_01-1536x1024.jpg 1536w, https:\/\/nagengast-online.de\/wp-content\/uploads\/2021\/03\/160_wsr_01-2048x1365.jpg 2048w\" sizes=\"(max-width: 256px) 100vw, 256px\" \/><\/a><\/figure><\/div>\n\n\n\n<figure class=\"wp-block-image size-thumbnail\"><a href=\"http:\/\/nagengast-online.de\/wp-content\/uploads\/2021\/03\/IMG_1272-e1616821315448.png\"><img loading=\"lazy\" width=\"150\" height=\"150\" src=\"http:\/\/nagengast-online.de\/wp-content\/uploads\/2021\/03\/IMG_1272-e1616821315448-150x150.png\" alt=\"\" class=\"wp-image-203\"\/><\/a><\/figure>\n\n\n\n<figure class=\"wp-block-image size-large\"><a href=\"http:\/\/nagengast-online.de\/wp-content\/uploads\/2021\/03\/Atlas_190W_1.jpg\"><img loading=\"lazy\" width=\"400\" height=\"300\" src=\"http:\/\/nagengast-online.de\/wp-content\/uploads\/2021\/03\/Atlas_190W_1.jpg\" alt=\"\" class=\"wp-image-232\" srcset=\"https:\/\/nagengast-online.de\/wp-content\/uploads\/2021\/03\/Atlas_190W_1.jpg 400w, https:\/\/nagengast-online.de\/wp-content\/uploads\/2021\/03\/Atlas_190W_1-300x225.jpg 300w\" sizes=\"(max-width: 400px) 100vw, 400px\" \/><\/a><\/figure>\n<\/div><\/div>\n\n\n\n<p><\/p>\n","protected":false},"excerpt":{"rendered":"<p>Mit unserem Fahrzeugpark sind wir ein verl\u00e4sslicher Partner f\u00fcr Ihre Abrissarbeiten. Das entsprechende&nbsp;Fachpersonal mit erforderlichen Sachkundenachweisen ist bei uns besch\u00e4ftigt.<\/p>\n","protected":false},"author":1,"featured_media":0,"parent":0,"menu_order":0,"comment_status":"closed","ping_status":"closed","template":"","meta":[],"_links":{"self":[{"href":"https:\/\/nagengast-online.de\/index.php?rest_route=\/wp\/v2\/pages\/181"}],"collection":[{"href":"https:\/\/nagengast-online.de\/index.php?rest_route=\/wp\/v2\/pages"}],"about":[{"href":"https:\/\/nagengast-online.de\/index.php?rest_route=\/wp\/v2\/types\/page"}],"author":[{"embeddable":true,"href":"https:\/\/nagengast-online.de\/index.php?rest_route=\/wp\/v2\/users\/1"}],"replies":[{"embeddable":true,"href":"https:\/\/nagengast-online.de\/index.php?rest_route=%2Fwp%2Fv2%2Fcomments&post=181"}],"version-history":[{"count":13,"href":"https:\/\/nagengast-online.de\/index.php?rest_route=\/wp\/v2\/pages\/181\/revisions"}],"predecessor-version":[{"id":273,"href":"https:\/\/nagengast-online.de\/index.php?rest_route=\/wp\/v2\/pages\/181\/revisions\/273"}],"wp:attachment":[{"href":"https:\/\/nagengast-online.de\/index.php?rest_route=%2Fwp%2Fv2%2Fmedia&parent=181"}],"curies":[{"name":"wp","href":"https:\/\/api.w.org\/{rel}","templated":true}]}}