{"id":32,"date":"2013-06-23T12:23:37","date_gmt":"2013-06-23T10:23:37","guid":{"rendered":"http:\/\/nagengast-online.de\/?page_id=32"},"modified":"2026-01-11T14:02:21","modified_gmt":"2026-01-11T12:02:21","slug":"immobiliendienste-garten-und-grunanlagenpflege","status":"publish","type":"page","link":"https:\/\/nagengast-online.de\/?page_id=32","title":{"rendered":"Immobiliendienste, Garten- und Gr\u00fcnanlagenpflege"},"content":{"rendered":"\n<p>Wir \u00fcbernehmen alle Dienstleistungen rund um Ihre Immobilie!<\/p>\n\n\n\n<ul class=\"has-white-background-color has-background\"><li><span style=\"line-height: 16px;\">Hausmeisterdienste<img loading=\"lazy\" class=\"alignright size-medium wp-image-187\" src=\"http:\/\/nagengast-online.de\/wp-content\/uploads\/2018\/05\/IMG_2393-300x225.jpg\" alt=\"\" width=\"300\" height=\"225\" srcset=\"https:\/\/nagengast-online.de\/wp-content\/uploads\/2018\/05\/IMG_2393-300x225.jpg 300w, https:\/\/nagengast-online.de\/wp-content\/uploads\/2018\/05\/IMG_2393-768x576.jpg 768w, https:\/\/nagengast-online.de\/wp-content\/uploads\/2018\/05\/IMG_2393-1024x768.jpg 1024w\" sizes=\"(max-width: 300px) 100vw, 300px\" \/><\/span><\/li><li>Gehwegreinigung<\/li><li>Winterdienst<\/li><li>Gr\u00fcnanlagenpflege<\/li><li>Technische Dienstleistungen<\/li><li>Pflanzungen und Gartengestaltung<\/li><li>Rasenm\u00e4hen, Heckenschnitt<\/li><li>Rindenmulch auftragen<\/li><li>Unkraut j\u00e4ten, Lockern und Hacken<\/li><li>Teich-und Wegebau<\/li><li>Kehren und Reinigen<\/li><li>Abbrucharbeiten<\/li><\/ul>\n","protected":false},"excerpt":{"rendered":"<p>Wir \u00fcbernehmen alle Dienstleistungen rund um Ihre Immobilie! Hausmeisterdienste Gehwegreinigung Winterdienst Gr\u00fcnanlagenpflege Technische Dienstleistungen Pflanzungen und Gartengestaltung Rasenm\u00e4hen, Heckenschnitt Rindenmulch auftragen Unkraut j\u00e4ten, Lockern und Hacken Teich-und Wegebau Kehren und &#8230;<\/p>\n","protected":false},"author":1,"featured_media":0,"parent":0,"menu_order":0,"comment_status":"closed","ping_status":"closed","template":"","meta":[],"_links":{"self":[{"href":"https:\/\/nagengast-online.de\/index.php?rest_route=\/wp\/v2\/pages\/32"}],"collection":[{"href":"https:\/\/nagengast-online.de\/index.php?rest_route=\/wp\/v2\/pages"}],"about":[{"href":"https:\/\/nagengast-online.de\/index.php?rest_route=\/wp\/v2\/types\/page"}],"author":[{"embeddable":true,"href":"https:\/\/nagengast-online.de\/index.php?rest_route=\/wp\/v2\/users\/1"}],"replies":[{"embeddable":true,"href":"https:\/\/nagengast-online.de\/index.php?rest_route=%2Fwp%2Fv2%2Fcomments&post=32"}],"version-history":[{"count":7,"href":"https:\/\/nagengast-online.de\/index.php?rest_route=\/wp\/v2\/pages\/32\/revisions"}],"predecessor-version":[{"id":315,"href":"https:\/\/nagengast-online.de\/index.php?rest_route=\/wp\/v2\/pages\/32\/revisions\/315"}],"wp:attachment":[{"href":"https:\/\/nagengast-online.de\/index.php?rest_route=%2Fwp%2Fv2%2Fmedia&parent=32"}],"curies":[{"name":"wp","href":"https:\/\/api.w.org\/{rel}","templated":true}]}}