{"id":36,"date":"2013-06-23T12:28:17","date_gmt":"2013-06-23T10:28:17","guid":{"rendered":"http:\/\/nagengast-online.de\/?page_id=36"},"modified":"2013-08-24T07:45:06","modified_gmt":"2013-08-24T05:45:06","slug":"winterdienste","status":"publish","type":"page","link":"https:\/\/nagengast-online.de\/?page_id=36","title":{"rendered":"Winterdienste"},"content":{"rendered":"<p><img loading=\"lazy\" class=\"alignleft  wp-image-137\" alt=\"winter\" src=\"http:\/\/nagengast-online.de\/wp-content\/uploads\/2013\/06\/winter.jpg\" width=\"257\" height=\"535\" srcset=\"https:\/\/nagengast-online.de\/wp-content\/uploads\/2013\/06\/winter.jpg 357w, https:\/\/nagengast-online.de\/wp-content\/uploads\/2013\/06\/winter-144x300.jpg 144w\" sizes=\"(max-width: 257px) 100vw, 257px\" \/>Unser Winterdienst l\u00f6st alle Probleme in dieser Jahreszeit,<br \/>\ndie durch Schnee oder Eisgl\u00e4tte anfallen.<\/p>\n<p>Wege und Verkehrsfl\u00e4chen m\u00fcssen schon fr\u00fchmorgends<br \/>\nger\u00e4umt und gestreut sein.<\/p>\n<p>Wir \u00fcbernehmen die optimale R\u00e4umung und Streuung der beauftragten Fl\u00e4chen z.B. Treppen, Gehwege, H\u00f6fe, Parkpl\u00e4tze, Zufahrten, Werksgel\u00e4nde.<\/p>\n<p>Selbstverst\u00e4ndlich ist f\u00fcr uns die ausreichende Bevorratung mit entsprechendem Streugut nach den g\u00fcltigen Satzungen der jeweiligen St\u00e4dte und Kommunen.<\/p>\n<p><span style=\"line-height: 16px;\">o \u00a0<strong> Schneer\u00e4umung auf Werksgel\u00e4nde<\/strong><\/span><\/p>\n<p>o \u00a0 <strong>Schneer\u00e4umung auf Stra\u00dfen<\/strong><\/p>\n<p>o \u00a0 <strong>R\u00e4umung von Gehsteigen<\/strong><\/p>\n<p>o \u00a0 <strong>Streuung<\/strong><\/p>\n<p>o \u00a0 <strong>Schneeabtransport und Fr\u00fchjahrskehrung<\/strong><\/p>\n","protected":false},"excerpt":{"rendered":"<p>Unser Winterdienst l\u00f6st alle Probleme in dieser Jahreszeit, die durch Schnee oder Eisgl\u00e4tte anfallen. Wege und Verkehrsfl\u00e4chen m\u00fcssen schon fr\u00fchmorgends ger\u00e4umt und gestreut sein. Wir \u00fcbernehmen die optimale R\u00e4umung und &#8230;<\/p>\n","protected":false},"author":1,"featured_media":0,"parent":0,"menu_order":0,"comment_status":"closed","ping_status":"closed","template":"","meta":[],"_links":{"self":[{"href":"https:\/\/nagengast-online.de\/index.php?rest_route=\/wp\/v2\/pages\/36"}],"collection":[{"href":"https:\/\/nagengast-online.de\/index.php?rest_route=\/wp\/v2\/pages"}],"about":[{"href":"https:\/\/nagengast-online.de\/index.php?rest_route=\/wp\/v2\/types\/page"}],"author":[{"embeddable":true,"href":"https:\/\/nagengast-online.de\/index.php?rest_route=\/wp\/v2\/users\/1"}],"replies":[{"embeddable":true,"href":"https:\/\/nagengast-online.de\/index.php?rest_route=%2Fwp%2Fv2%2Fcomments&post=36"}],"version-history":[{"count":12,"href":"https:\/\/nagengast-online.de\/index.php?rest_route=\/wp\/v2\/pages\/36\/revisions"}],"predecessor-version":[{"id":39,"href":"https:\/\/nagengast-online.de\/index.php?rest_route=\/wp\/v2\/pages\/36\/revisions\/39"}],"wp:attachment":[{"href":"https:\/\/nagengast-online.de\/index.php?rest_route=%2Fwp%2Fv2%2Fmedia&parent=36"}],"curies":[{"name":"wp","href":"https:\/\/api.w.org\/{rel}","templated":true}]}}