{"id":41,"date":"2013-06-24T10:44:33","date_gmt":"2013-06-24T08:44:33","guid":{"rendered":"http:\/\/nagengast-online.de\/?page_id=41"},"modified":"2013-06-24T19:36:31","modified_gmt":"2013-06-24T17:36:31","slug":"brennholz","status":"publish","type":"page","link":"https:\/\/nagengast-online.de\/?page_id=41","title":{"rendered":"Brennholz"},"content":{"rendered":"<p><img loading=\"lazy\" class=\"size-full wp-image-85 alignright\" alt=\"Brennholz-Verbrennung-300x225\" src=\"http:\/\/nagengast-online.de\/wp-content\/uploads\/2013\/06\/Brennholz-Verbrennung-300x225.jpg\" width=\"300\" height=\"225\" \/><\/p>\n<p>Wir erzeugen und liefern ofenfertiges Brennholz<\/p>\n<ul>\n<li><span style=\"line-height: 16px;\">maschinell getrocknet<\/span><\/li>\n<li>auf Wunschl\u00e4nge geschnitten und gespalten<\/li>\n<li>Weichholz<\/li>\n<li>Hartholz<\/li>\n<li>auch in gr\u00f6\u00dferen Mengen<\/li>\n<\/ul>\n","protected":false},"excerpt":{"rendered":"<p>Wir erzeugen und liefern ofenfertiges Brennholz maschinell getrocknet auf Wunschl\u00e4nge geschnitten und gespalten Weichholz Hartholz auch in gr\u00f6\u00dferen Mengen<\/p>\n","protected":false},"author":1,"featured_media":0,"parent":0,"menu_order":0,"comment_status":"closed","ping_status":"closed","template":"","meta":[],"_links":{"self":[{"href":"https:\/\/nagengast-online.de\/index.php?rest_route=\/wp\/v2\/pages\/41"}],"collection":[{"href":"https:\/\/nagengast-online.de\/index.php?rest_route=\/wp\/v2\/pages"}],"about":[{"href":"https:\/\/nagengast-online.de\/index.php?rest_route=\/wp\/v2\/types\/page"}],"author":[{"embeddable":true,"href":"https:\/\/nagengast-online.de\/index.php?rest_route=\/wp\/v2\/users\/1"}],"replies":[{"embeddable":true,"href":"https:\/\/nagengast-online.de\/index.php?rest_route=%2Fwp%2Fv2%2Fcomments&post=41"}],"version-history":[{"count":5,"href":"https:\/\/nagengast-online.de\/index.php?rest_route=\/wp\/v2\/pages\/41\/revisions"}],"predecessor-version":[{"id":88,"href":"https:\/\/nagengast-online.de\/index.php?rest_route=\/wp\/v2\/pages\/41\/revisions\/88"}],"wp:attachment":[{"href":"https:\/\/nagengast-online.de\/index.php?rest_route=%2Fwp%2Fv2%2Fmedia&parent=41"}],"curies":[{"name":"wp","href":"https:\/\/api.w.org\/{rel}","templated":true}]}}