{"id":52,"date":"2013-06-24T10:57:41","date_gmt":"2013-06-24T08:57:41","guid":{"rendered":"http:\/\/nagengast-online.de\/?page_id=52"},"modified":"2013-08-24T07:56:48","modified_gmt":"2013-08-24T05:56:48","slug":"waldpfelge","status":"publish","type":"page","link":"https:\/\/nagengast-online.de\/?page_id=52","title":{"rendered":"Waldpflege"},"content":{"rendered":"<p>Wir sorgen f\u00fcr die fachgerechte Pflege Ihres Waldes von der Pflanzung \u00fcber den Zaunbau bis zur Durchforstung.<\/p>\n<ul>\n<li><span style=\"line-height: 16px;\">Pflanzungen, Zaunbau<\/span><\/li>\n<li>Jungbestandspflege (L\u00e4uterung)<\/li>\n<li>Wertastung, vorwiegend im Nadelholz<\/li>\n<li>F\u00e4llungen, Holzeinschlag<\/li>\n<li>Holzr\u00fccken mit spezieller R\u00fccketechnik<\/li>\n<li>Freischneiden von Hochspannungsleitungen<\/li>\n<li>Schutzwaldsanierungen<\/li>\n<li>Aufforstungen<\/li>\n<li>Holztransporte mit R\u00fcckewagen<\/li>\n<li>Holzr\u00fccketraktoren sowie MB-Forst-Truck \u00a0mit Holzkran und Forstausstattung<\/li>\n<\/ul>\n","protected":false},"excerpt":{"rendered":"<p>Wir sorgen f\u00fcr die fachgerechte Pflege Ihres Waldes von der Pflanzung \u00fcber den Zaunbau bis zur Durchforstung. Pflanzungen, Zaunbau Jungbestandspflege (L\u00e4uterung) Wertastung, vorwiegend im Nadelholz F\u00e4llungen, Holzeinschlag Holzr\u00fccken mit spezieller &#8230;<\/p>\n","protected":false},"author":1,"featured_media":0,"parent":0,"menu_order":0,"comment_status":"closed","ping_status":"closed","template":"","meta":[],"_links":{"self":[{"href":"https:\/\/nagengast-online.de\/index.php?rest_route=\/wp\/v2\/pages\/52"}],"collection":[{"href":"https:\/\/nagengast-online.de\/index.php?rest_route=\/wp\/v2\/pages"}],"about":[{"href":"https:\/\/nagengast-online.de\/index.php?rest_route=\/wp\/v2\/types\/page"}],"author":[{"embeddable":true,"href":"https:\/\/nagengast-online.de\/index.php?rest_route=\/wp\/v2\/users\/1"}],"replies":[{"embeddable":true,"href":"https:\/\/nagengast-online.de\/index.php?rest_route=%2Fwp%2Fv2%2Fcomments&post=52"}],"version-history":[{"count":8,"href":"https:\/\/nagengast-online.de\/index.php?rest_route=\/wp\/v2\/pages\/52\/revisions"}],"predecessor-version":[{"id":96,"href":"https:\/\/nagengast-online.de\/index.php?rest_route=\/wp\/v2\/pages\/52\/revisions\/96"}],"wp:attachment":[{"href":"https:\/\/nagengast-online.de\/index.php?rest_route=%2Fwp%2Fv2%2Fmedia&parent=52"}],"curies":[{"name":"wp","href":"https:\/\/api.w.org\/{rel}","templated":true}]}}