{"id":58,"date":"2013-06-24T11:20:50","date_gmt":"2013-06-24T09:20:50","guid":{"rendered":"http:\/\/nagengast-online.de\/?page_id=58"},"modified":"2024-10-13T10:28:36","modified_gmt":"2024-10-13T08:28:36","slug":"schadlingsbekampfung","status":"publish","type":"page","link":"https:\/\/nagengast-online.de\/?page_id=58","title":{"rendered":"Sch\u00e4dlinge"},"content":{"rendered":"<p>Die Bek\u00e4mpfung des <strong>Eichenprozessionsspinners<\/strong> ist eine gef\u00e4hrliche und komplexe Aufgabe.<\/p>\n<p>Eine Kontamination mit den Nesselhaaren ist sehr schmerzhaft.<\/p>\n<p>Gerade f\u00fcr den Einsatz in Parkanlagen und \u00f6ffentlichen Bereichen, sowie an Verkehrsstrassen halten wir spezielle Gro\u00dftechnik vor, um auch wirkungsvoll und \u00a0umfassend Bek\u00e4mpfungsma\u00dfnahmen durchf\u00fchren zu k\u00f6nnen.<\/p>\n\n\n<p><\/p>\n","protected":false},"excerpt":{"rendered":"<p>Die Bek\u00e4mpfung des Eichenprozessionsspinners ist eine gef\u00e4hrliche und komplexe Aufgabe. Eine Kontamination mit den Nesselhaaren ist sehr schmerzhaft. Gerade f\u00fcr den Einsatz in Parkanlagen und \u00f6ffentlichen Bereichen, sowie an Verkehrsstrassen &#8230;<\/p>\n","protected":false},"author":1,"featured_media":0,"parent":0,"menu_order":0,"comment_status":"closed","ping_status":"closed","template":"","meta":[],"_links":{"self":[{"href":"https:\/\/nagengast-online.de\/index.php?rest_route=\/wp\/v2\/pages\/58"}],"collection":[{"href":"https:\/\/nagengast-online.de\/index.php?rest_route=\/wp\/v2\/pages"}],"about":[{"href":"https:\/\/nagengast-online.de\/index.php?rest_route=\/wp\/v2\/types\/page"}],"author":[{"embeddable":true,"href":"https:\/\/nagengast-online.de\/index.php?rest_route=\/wp\/v2\/users\/1"}],"replies":[{"embeddable":true,"href":"https:\/\/nagengast-online.de\/index.php?rest_route=%2Fwp%2Fv2%2Fcomments&post=58"}],"version-history":[{"count":11,"href":"https:\/\/nagengast-online.de\/index.php?rest_route=\/wp\/v2\/pages\/58\/revisions"}],"predecessor-version":[{"id":279,"href":"https:\/\/nagengast-online.de\/index.php?rest_route=\/wp\/v2\/pages\/58\/revisions\/279"}],"wp:attachment":[{"href":"https:\/\/nagengast-online.de\/index.php?rest_route=%2Fwp%2Fv2%2Fmedia&parent=58"}],"curies":[{"name":"wp","href":"https:\/\/api.w.org\/{rel}","templated":true}]}}