{"id":62,"date":"2013-06-24T11:27:36","date_gmt":"2013-06-24T09:27:36","guid":{"rendered":"http:\/\/nagengast-online.de\/?page_id=62"},"modified":"2021-03-27T07:42:48","modified_gmt":"2021-03-27T05:42:48","slug":"forstmulchen-wurzelstockfrasen","status":"publish","type":"page","link":"https:\/\/nagengast-online.de\/?page_id=62","title":{"rendered":"Holzh\u00e4ckseln &#8211; Forstmulchen &#8211; Wurzelstockfr\u00e4sen"},"content":{"rendered":"\n<p>Mit unserem Holzh\u00e4cksler Eschlb\u00f6ck Biber 92 produzieren wir Holzhackschnitzel auch bei Ihnen direkt vor Ort.<\/p>\n\n\n\n<figure class=\"wp-block-image size-thumbnail is-resized is-style-rounded\"><a href=\"http:\/\/nagengast-online.de\/wp-content\/uploads\/2021\/03\/IMG_1275-e1616821416223.png\"><img loading=\"lazy\" src=\"http:\/\/nagengast-online.de\/wp-content\/uploads\/2021\/03\/IMG_1275-e1616821416223-150x150.png\" alt=\"\" class=\"wp-image-207\" width=\"150\" height=\"150\"\/><\/a><figcaption><sub>Eschelb\u00f6ck Biber 92 mit Fendt 936 und MAN Sattelzug<\/sub><\/figcaption><\/figure>\n\n\n\n<p><\/p>\n\n\n\n<p><\/p>\n\n\n\n<p><\/p>\n\n\n\n<p><\/p>\n\n\n<p>\u00a0<\/p>\n<p>Mit unseren Forstmulchger\u00e4t zerkleinern wir Hecken und Geh\u00f6lze im stehenden Bestand<\/p>\n<p>unsere Wurzelstockfr\u00e4se<\/p>\n<ul>\n<li><span style=\"line-height: 16px;\">entfernt Wurzelst\u00f6cke mit jedem Durchmesser<\/span><\/li>\n<li>ist auch in Schr\u00e4glagen einsetzbar<\/li>\n<li>hat eine Arbeitstiefe bis 80 cm<\/li>\n<\/ul>\n\n\n<p><\/p>\n","protected":false},"excerpt":{"rendered":"<p>Mit unserem Holzh\u00e4cksler Eschlb\u00f6ck Biber 92 produzieren wir Holzhackschnitzel auch bei Ihnen direkt vor Ort. \u00a0 Mit unseren Forstmulchger\u00e4t zerkleinern wir Hecken und Geh\u00f6lze im stehenden Bestand unsere Wurzelstockfr\u00e4se entfernt &#8230;<\/p>\n","protected":false},"author":1,"featured_media":0,"parent":0,"menu_order":0,"comment_status":"closed","ping_status":"closed","template":"","meta":[],"_links":{"self":[{"href":"https:\/\/nagengast-online.de\/index.php?rest_route=\/wp\/v2\/pages\/62"}],"collection":[{"href":"https:\/\/nagengast-online.de\/index.php?rest_route=\/wp\/v2\/pages"}],"about":[{"href":"https:\/\/nagengast-online.de\/index.php?rest_route=\/wp\/v2\/types\/page"}],"author":[{"embeddable":true,"href":"https:\/\/nagengast-online.de\/index.php?rest_route=\/wp\/v2\/users\/1"}],"replies":[{"embeddable":true,"href":"https:\/\/nagengast-online.de\/index.php?rest_route=%2Fwp%2Fv2%2Fcomments&post=62"}],"version-history":[{"count":12,"href":"https:\/\/nagengast-online.de\/index.php?rest_route=\/wp\/v2\/pages\/62\/revisions"}],"predecessor-version":[{"id":229,"href":"https:\/\/nagengast-online.de\/index.php?rest_route=\/wp\/v2\/pages\/62\/revisions\/229"}],"wp:attachment":[{"href":"https:\/\/nagengast-online.de\/index.php?rest_route=%2Fwp%2Fv2%2Fmedia&parent=62"}],"curies":[{"name":"wp","href":"https:\/\/api.w.org\/{rel}","templated":true}]}}