{"id":68,"date":"2013-06-24T11:55:59","date_gmt":"2013-06-24T09:55:59","guid":{"rendered":"http:\/\/nagengast-online.de\/?page_id=68"},"modified":"2024-10-13T10:26:11","modified_gmt":"2024-10-13T08:26:11","slug":"landschaftspflege","status":"publish","type":"page","link":"https:\/\/nagengast-online.de\/?page_id=68","title":{"rendered":"Landschaftspflege"},"content":{"rendered":"\n<p>F\u00fcr Ihre gro\u00dffl\u00e4chigen Gr\u00fcnanlagen und Veranstaltungsfl\u00e4chen bieten wir folgende Leistungen an:<\/p>\n\n\n\n<ul class=\"has-white-background-color has-background\"><li>Begr\u00fcnungen<\/li><li><span style=\"line-height: 16px;\">M\u00e4harbeiten mit&nbsp;<\/span>Schnittgutentsorgung<\/li><li>Bew\u00e4sserungen<\/li><li>Entfernen von Unrat, Bebauungen, Wildwuchs und Gestr\u00fcpp mittels Forstfr\u00e4se<\/li><li>Radbaggereinsatz mit Tiefladertransport<\/li><li>Container LKW<\/li><\/ul>\n","protected":false},"excerpt":{"rendered":"<p>F\u00fcr Ihre gro\u00dffl\u00e4chigen Gr\u00fcnanlagen und Veranstaltungsfl\u00e4chen bieten wir folgende Leistungen an: Begr\u00fcnungen M\u00e4harbeiten mit&nbsp;Schnittgutentsorgung Bew\u00e4sserungen Entfernen von Unrat, Bebauungen, Wildwuchs und Gestr\u00fcpp mittels Forstfr\u00e4se Radbaggereinsatz mit Tiefladertransport Container LKW<\/p>\n","protected":false},"author":1,"featured_media":0,"parent":0,"menu_order":0,"comment_status":"closed","ping_status":"closed","template":"","meta":[],"_links":{"self":[{"href":"https:\/\/nagengast-online.de\/index.php?rest_route=\/wp\/v2\/pages\/68"}],"collection":[{"href":"https:\/\/nagengast-online.de\/index.php?rest_route=\/wp\/v2\/pages"}],"about":[{"href":"https:\/\/nagengast-online.de\/index.php?rest_route=\/wp\/v2\/types\/page"}],"author":[{"embeddable":true,"href":"https:\/\/nagengast-online.de\/index.php?rest_route=\/wp\/v2\/users\/1"}],"replies":[{"embeddable":true,"href":"https:\/\/nagengast-online.de\/index.php?rest_route=%2Fwp%2Fv2%2Fcomments&post=68"}],"version-history":[{"count":9,"href":"https:\/\/nagengast-online.de\/index.php?rest_route=\/wp\/v2\/pages\/68\/revisions"}],"predecessor-version":[{"id":276,"href":"https:\/\/nagengast-online.de\/index.php?rest_route=\/wp\/v2\/pages\/68\/revisions\/276"}],"wp:attachment":[{"href":"https:\/\/nagengast-online.de\/index.php?rest_route=%2Fwp%2Fv2%2Fmedia&parent=68"}],"curies":[{"name":"wp","href":"https:\/\/api.w.org\/{rel}","templated":true}]}}